{"id":6,"date":"2024-07-29T19:11:31","date_gmt":"2024-07-29T17:11:31","guid":{"rendered":"http:\/\/delphinegayet.fr\/?page_id=6"},"modified":"2024-07-30T18:25:07","modified_gmt":"2024-07-30T16:25:07","slug":"suivi-gynecologique","status":"publish","type":"page","link":"https:\/\/delphinegayet.fr\/?page_id=6","title":{"rendered":"Suivi gyn\u00e9cologique"},"content":{"rendered":"\n<p><strong>Suivi annuel&nbsp;<\/strong><\/p>\n\n\n\n<p>Le suivi gyn\u00e9cologique de pr\u00e9vention et de contraception peut \u00eatre assur\u00e9 par les sages femmes. Tous les ans il convient de prendre un rendez-vous de suivi pour effectuer les d\u00e9pistages, surveiller ou changer le mode de contraception. Si besoin, un examen clinique adapt\u00e9 est r\u00e9alis\u00e9. <\/p>\n\n\n\n<p><a href=\"https:\/\/www.ordre-sages-femmes.fr\/votre-sage-femme\/competences\/suivi-gynecologique-et-contraception\">https:\/\/www.ordre-sages-femmes.fr\/votre-sage-femme\/competences\/suivi-gynecologique-et-contraception<\/a><\/p>\n\n\n\n<p><strong>Contraception&nbsp;<\/strong><\/p>\n\n\n\n<figure class=\"wp-block-image size-full\"><img loading=\"lazy\" decoding=\"async\" width=\"600\" height=\"203\" src=\"http:\/\/delphinegayet.fr\/wp-content\/uploads\/2024\/07\/Contraceptions.jpg\" alt=\"\" class=\"wp-image-8\" srcset=\"https:\/\/delphinegayet.fr\/wp-content\/uploads\/2024\/07\/Contraceptions.jpg 600w, https:\/\/delphinegayet.fr\/wp-content\/uploads\/2024\/07\/Contraceptions-300x102.jpg 300w\" sizes=\"auto, (max-width: 600px) 100vw, 600px\" \/><\/figure>\n\n\n\n<ul class=\"wp-block-list\">\n<li>Prescription de pilule&nbsp;<\/li>\n\n\n\n<li>Pose \/ retrait \/ changement de dispositif intra-ut\u00e9rin&nbsp;<\/li>\n\n\n\n<li>Pose \/ retrait \/ changement d&rsquo;implant&nbsp; <\/li>\n<\/ul>\n\n\n\n<p>La consultation se d\u00e9roule de la mani\u00e8re suivante&nbsp;:<\/p>\n\n\n\n<p>Interrogatoire&nbsp;m\u00e9dical complet afin de mettre en \u00e9vidence d\u2019\u00e9ventuelles contre-indications \u00e0 certaines m\u00e9thodes<\/p>\n\n\n\n<p>Examen clinique&nbsp;si besoin<\/p>\n\n\n\n<p>D\u00e9pistages pr\u00e9alables en fonction de la m\u00e9thode choisie<\/p>\n\n\n\n<p>Informations sur toutes les m\u00e9thodes existantes, leurs effets secondaires \u00e9ventuels et leur taux d&rsquo;efficacit\u00e9&nbsp;<\/p>\n\n\n\n<p>Examen gyn\u00e9cologique en fonction du contexte&nbsp;<\/p>\n\n\n\n<p><strong>D\u00e9pistage&nbsp;<\/strong><\/p>\n\n\n\n<p>La sage-femme peut prendre en charge tous les d\u00e9pistages cliniques et si n\u00e9cessaire cytopathologiques (frottis cervico-ut\u00e9rin). <\/p>\n\n\n\n<p><a href=\"https:\/\/has-sante.fr\/jcms\/c_1623735\/fr\/depistage-et-prevention-du-cancer-du-col-de-l-uterus\">https:\/\/has-sante.fr\/jcms\/c_1623735\/fr\/depistage-et-prevention-du-cancer-du-col-de-l-uterus<\/a><\/p>\n\n\n\n<p>Elle prescrit des examens radios \/ biologiques lors de la consultation annuelle de suivi, elle effectue une palpation des seins<\/p>\n\n\n\n<p><a href=\"https:\/\/www.e-cancer.fr\/Comprendre-prevenir-depister\/Se-faire-depister\">https:\/\/www.e-cancer.fr\/Comprendre-prevenir-depister\/Se-faire-depister<\/a><\/p>\n\n\n\n<p>Il vous est recommand\u00e9 de faire examiner vos seins (observation et palpation) une fois par an \u00e0 partir de 25 ans par votre m\u00e9decin g\u00e9n\u00e9raliste, votre gyn\u00e9cologue ou votre sage-femme.<\/p>\n\n\n\n<p><strong>D\u00e9pistage IST<\/strong><\/p>\n\n\n\n<p>Vous pouvez consulter au cabinet en cas de prise de risque (rapport non prot\u00e9g\u00e9, partenaires multiples et inconnus, signaux locaux d&rsquo;infection) afin de pratiquer des d\u00e9pistages complets et de mettre en place un traitement rapidement.<\/p>\n\n\n\n<p><a href=\"https:\/\/www.ameli.fr\/paris\/sage-femme\/exercice-liberal\/presciption-prise-charge\/regles-exercice-formalites\/depistage-et-traitement-des-ist\">https:\/\/www.ameli.fr\/paris\/sage-femme\/exercice-liberal\/presciption-prise-charge\/regles-exercice-formalites\/depistage-et-traitement-des-ist<\/a><\/p>\n\n\n\n<p><strong>Suivi de l\u2019adolescente<\/strong> <\/p>\n\n\n\n<p>Chaque jeune fille est re\u00e7ue sans ses parents si elle le souhaite. Si elle vient accompagn\u00e9e des parents, je propose toujours de prendre un temps uniquement avec elle. Cette consultation est un temps de conseil et d&rsquo;accompagnement adapt\u00e9 \u00e0 l\u2019\u00e2ge et aux besoins de chaque jeune fille. Dialogue non intrusif avec explications n\u00e9cessaires sur les transformations physiques l&rsquo;activit\u00e9 sexuelle les risques de grossesse et les risques d&rsquo;IST. L&rsquo;examen gyn\u00e9cologique peut-\u00eatre diff\u00e9r\u00e9 et sera expliqu\u00e9 lors du premier entretien et pourra \u00eatre programm\u00e9 pour une consultation ult\u00e9rieure. En revanche, l&rsquo;examen clinique g\u00e9n\u00e9ral (pes\u00e9e, prise de tension art\u00e9rielle) aura lieu avant toute prescription de contraception. On pourra proposer en fonction de l\u2019\u00e2ge une vaccination contre le papillomavirus (entre 15 et 19 ans).<\/p>\n\n\n\n<p><a href=\"https:\/\/www.jeunes.gouv.fr\/1ere-consultation-gynecologique-une-brochure-pour-les-14-20-ans-580\">1\u00e8re consultation gyn\u00e9cologique, une brochure pour les 14-20 ans | jeunes.gouv.fr<\/a><\/p>\n\n\n\n<figure class=\"wp-block-image size-full\"><img loading=\"lazy\" decoding=\"async\" width=\"381\" height=\"319\" src=\"http:\/\/delphinegayet.fr\/wp-content\/uploads\/2024\/07\/brochure-1ere-visite-gyneco-2022-png-859.png\" alt=\"\" class=\"wp-image-120\" srcset=\"https:\/\/delphinegayet.fr\/wp-content\/uploads\/2024\/07\/brochure-1ere-visite-gyneco-2022-png-859.png 381w, https:\/\/delphinegayet.fr\/wp-content\/uploads\/2024\/07\/brochure-1ere-visite-gyneco-2022-png-859-300x251.png 300w\" sizes=\"auto, (max-width: 381px) 100vw, 381px\" \/><\/figure>\n\n\n\n<p><strong>Consultation pr\u00e9-conceptionnelle<\/strong><\/p>\n\n\n\n<p>Avant la mise en route d&rsquo;une grossesse, cette consultation permet de faire le point sur l&rsquo;\u00e9tat de sant\u00e9 global de la femme, \u00e9ventuellement r\u00e9\u00e9quilibrer l&rsquo;alimentation, ajuster le poids, r\u00e9duire les toxiques (programmer l\u2019arr\u00eat du tabac par exemple)&nbsp;<\/p>\n\n\n\n<p>Mettre en place la suppl\u00e9mentation en acide folique afin de r\u00e9duire le risque d&rsquo;anomalies du tube neural chez le f\u0153tus.<\/p>\n\n\n\n<p>Faire pratiquer des examens biologiques n\u00e9cessaires en pr\u00e9-conceptionnel (s\u00e9rologies toxoplasmose rub\u00e9ole si statut inconnu et groupe sanguin)<\/p>\n\n\n\n<p>Ce temps de consultation et d&rsquo;\u00e9change permet aussi \u00e0 la femme de confier ses attentes et ses craintes \u00e9ventuelles aupr\u00e8s de la sage-femme.<\/p>\n\n\n\n<p><strong>Atelier Cigogne<\/strong><\/p>\n\n\n\n<figure class=\"wp-block-image size-full\"><img loading=\"lazy\" decoding=\"async\" width=\"1000\" height=\"288\" src=\"http:\/\/delphinegayet.fr\/wp-content\/uploads\/2024\/07\/bandeau-cigognes.jpg\" alt=\"\" class=\"wp-image-9\" srcset=\"https:\/\/delphinegayet.fr\/wp-content\/uploads\/2024\/07\/bandeau-cigognes.jpg 1000w, https:\/\/delphinegayet.fr\/wp-content\/uploads\/2024\/07\/bandeau-cigognes-300x86.jpg 300w, https:\/\/delphinegayet.fr\/wp-content\/uploads\/2024\/07\/bandeau-cigognes-768x221.jpg 768w\" sizes=\"auto, (max-width: 1000px) 100vw, 1000px\" \/><\/figure>\n\n\n\n<p>Quand l&rsquo;enfant tarde \u00e0 venir<\/p>\n\n\n\n<p>Cette consultation permet de lever certaines inqui\u00e9tudes si la grossesse ne vient pas aussi vite que pr\u00e9vu. En fonction du contexte, on pourra prescrire certains examens compl\u00e9mentaires afin d&rsquo;identifier une cause potentielle \u00e0 l&rsquo;infertilit\u00e9 et r\u00e9orienter ensuite la patiente vers un centre de PMA.<\/p>\n\n\n\n<p>Bien souvent, il faut r\u00e9assurer, redonner confiance et repr\u00e9ciser les d\u00e9lais moyens de conception en France tous \u00e2ges confondus. En cas de PMA, je propose un accompagnement personnalis\u00e9 pendant tout le protocole de stimulation qui peut \u00eatre v\u00e9cu comme p\u00e9nible et stressant. Je peux aussi prendre en charge d\u00e8s le tout d\u00e9but de la grossesse entre la nouvelle de la grossesse et le d\u00e9but du suivi officiel. Cette p\u00e9riode incertaine et angoissante peut-\u00eatre mieux accompagn\u00e9e et aussi permettre la femme de vivre son parcours plus sereinement<br><\/p>\n\n\n\n<p><\/p>\n","protected":false},"excerpt":{"rendered":"<p>Suivi annuel&nbsp; Le suivi gyn\u00e9cologique de pr\u00e9vention et de contraception peut \u00eatre assur\u00e9 par les sages femmes. Tous les ans il convient de prendre un rendez-vous de suivi pour effectuer les d\u00e9pistages, surveiller ou changer le mode de contraception. Si besoin, un examen clinique adapt\u00e9 est r\u00e9alis\u00e9. https:\/\/www.ordre-sages-femmes.fr\/votre-sage-femme\/competences\/suivi-gynecologique-et-contraception Contraception&nbsp; La consultation se d\u00e9roule de la [&hellip;]<\/p>\n","protected":false},"author":1,"featured_media":0,"parent":0,"menu_order":0,"comment_status":"closed","ping_status":"closed","template":"","meta":{"footnotes":""},"class_list":["post-6","page","type-page","status-publish","hentry"],"_links":{"self":[{"href":"https:\/\/delphinegayet.fr\/index.php?rest_route=\/wp\/v2\/pages\/6","targetHints":{"allow":["GET"]}}],"collection":[{"href":"https:\/\/delphinegayet.fr\/index.php?rest_route=\/wp\/v2\/pages"}],"about":[{"href":"https:\/\/delphinegayet.fr\/index.php?rest_route=\/wp\/v2\/types\/page"}],"author":[{"embeddable":true,"href":"https:\/\/delphinegayet.fr\/index.php?rest_route=\/wp\/v2\/users\/1"}],"replies":[{"embeddable":true,"href":"https:\/\/delphinegayet.fr\/index.php?rest_route=%2Fwp%2Fv2%2Fcomments&post=6"}],"version-history":[{"count":3,"href":"https:\/\/delphinegayet.fr\/index.php?rest_route=\/wp\/v2\/pages\/6\/revisions"}],"predecessor-version":[{"id":122,"href":"https:\/\/delphinegayet.fr\/index.php?rest_route=\/wp\/v2\/pages\/6\/revisions\/122"}],"wp:attachment":[{"href":"https:\/\/delphinegayet.fr\/index.php?rest_route=%2Fwp%2Fv2%2Fmedia&parent=6"}],"curies":[{"name":"wp","href":"https:\/\/api.w.org\/{rel}","templated":true}]}}