{"id":20,"date":"2024-07-29T23:26:45","date_gmt":"2024-07-29T21:26:45","guid":{"rendered":"http:\/\/delphinegayet.fr\/?page_id=20"},"modified":"2025-07-02T23:23:44","modified_gmt":"2025-07-02T21:23:44","slug":"contact","status":"publish","type":"page","link":"https:\/\/delphinegayet.fr\/?page_id=20","title":{"rendered":"Votre sage-femme"},"content":{"rendered":"\n<figure class=\"wp-block-image size-full\"><img loading=\"lazy\" decoding=\"async\" width=\"1000\" height=\"288\" src=\"http:\/\/delphinegayet.fr\/wp-content\/uploads\/2024\/07\/bandeau-naissance.jpg\" alt=\"\" class=\"wp-image-21\" srcset=\"https:\/\/delphinegayet.fr\/wp-content\/uploads\/2024\/07\/bandeau-naissance.jpg 1000w, https:\/\/delphinegayet.fr\/wp-content\/uploads\/2024\/07\/bandeau-naissance-300x86.jpg 300w, https:\/\/delphinegayet.fr\/wp-content\/uploads\/2024\/07\/bandeau-naissance-768x221.jpg 768w\" sizes=\"auto, (max-width: 1000px) 100vw, 1000px\" \/><\/figure>\n\n\n\n<p><strong>Parcours : <\/strong><\/p>\n\n\n\n<p>J&rsquo;ai \u00e9t\u00e9 dipl\u00f4m\u00e9e d\u2019Etat en 2000 \u00e0 l&rsquo;<a href=\"http:\/\/formation.aphp.fr\/ecoles_spe\/index.php?esp=9\" target=\"_blank\" rel=\"noreferrer noopener\">Ecole de Sage-Femme de Saint-Antoine<\/a>.<br>J&rsquo;ai ensuite exerc\u00e9 7&nbsp;ans en salle de naissance \u00e0 la&nbsp;<a href=\"http:\/\/www.maternite-des-lilas.com\/\" target=\"_blank\" rel=\"noreferrer noopener\">Maternit\u00e9 des Lilas<\/a>.<br>Je me suis ensuite install\u00e9 en lib\u00e9ral depuis 2004 sur Paris. <\/p>\n\n\n\n<p><strong>Formations compl\u00e9mentaires :<\/strong><\/p>\n\n\n\n<p>\u2013 Allaitement (<a href=\"http:\/\/www.lllfrance.org\/\" target=\"_blank\" rel=\"noreferrer noopener\">LecheLeague<\/a>).<br>\u2013 Alimentation sant\u00e9 de la femme enceinte (<a href=\"http:\/\/www.kousmine.fr\/\">www.kousmine.fr<\/a>).<br>\u2013 Sophrologie et maternit\u00e9 (ADCO).<br>\u2013 R\u00e9\u00e9ducation p\u00e9rin\u00e9ale&nbsp;<a href=\"http:\/\/www.institutnaissanceetformations.fr\/INF\/index3.php?page=20\" target=\"_blank\" rel=\"noreferrer noopener\">C.M.P.<\/a><br>\u2013 Massage b\u00e9b\u00e9 (ADCO).<br>\u2013 Entretien du 4\u00e8me mois (ADCO).<br>\u2013 Pr\u00e9paration \u00e0 la naissance et \u00e0 la parentalit\u00e9 (ADCO).<br>\u2013 Suites de couches (ADCO).<br>&#8211; suivi gyn\u00e9cologique et contraception (ADCO).Je vous re\u00e7ois au cabinet les lundi, mardi, jeudi et vendredi.<\/p>\n\n\n\n<p><strong>Le cabinet est situ\u00e9 au 66, avenue Jean-Baptiste Cl\u00e9ment, 92140 CLAMART.<\/strong><\/p>\n\n\n\n<figure class=\"wp-block-image size-full\"><img loading=\"lazy\" decoding=\"async\" width=\"893\" height=\"595\" src=\"http:\/\/delphinegayet.fr\/wp-content\/uploads\/2025\/07\/image-3.png\" alt=\"\" class=\"wp-image-137\" srcset=\"https:\/\/delphinegayet.fr\/wp-content\/uploads\/2025\/07\/image-3.png 893w, https:\/\/delphinegayet.fr\/wp-content\/uploads\/2025\/07\/image-3-300x200.png 300w, https:\/\/delphinegayet.fr\/wp-content\/uploads\/2025\/07\/image-3-768x512.png 768w\" sizes=\"auto, (max-width: 893px) 100vw, 893px\" \/><\/figure>\n\n\n\n<p>Pour venir au cabinet :<\/p>\n\n\n\n<ul class=\"wp-block-list\">\n<li>A 2 minutes vous avez : <\/li>\n<\/ul>\n\n\n\n<figure class=\"wp-block-image size-full\"><img loading=\"lazy\" decoding=\"async\" width=\"365\" height=\"51\" src=\"http:\/\/delphinegayet.fr\/wp-content\/uploads\/2025\/07\/image-1.png\" alt=\"\" class=\"wp-image-134\" srcset=\"https:\/\/delphinegayet.fr\/wp-content\/uploads\/2025\/07\/image-1.png 365w, https:\/\/delphinegayet.fr\/wp-content\/uploads\/2025\/07\/image-1-300x42.png 300w\" sizes=\"auto, (max-width: 365px) 100vw, 365px\" \/><\/figure>\n\n\n\n<ul class=\"wp-block-list\">\n<li>A 13 minutes, vous avez :<\/li>\n<\/ul>\n\n\n\n<figure class=\"wp-block-image size-full\"><img loading=\"lazy\" decoding=\"async\" width=\"317\" height=\"38\" src=\"http:\/\/delphinegayet.fr\/wp-content\/uploads\/2025\/07\/image-2.png\" alt=\"\" class=\"wp-image-135\" srcset=\"https:\/\/delphinegayet.fr\/wp-content\/uploads\/2025\/07\/image-2.png 317w, https:\/\/delphinegayet.fr\/wp-content\/uploads\/2025\/07\/image-2-300x36.png 300w\" sizes=\"auto, (max-width: 317px) 100vw, 317px\" \/><\/figure>\n\n\n\n<figure class=\"wp-block-image size-full\"><img loading=\"lazy\" decoding=\"async\" width=\"241\" height=\"258\" src=\"http:\/\/delphinegayet.fr\/wp-content\/uploads\/2024\/07\/Portrait-format-carre.jpg\" alt=\"\" class=\"wp-image-104\"\/><\/figure>\n\n\n\n<p>Pour me joindre et prendre rendez-vous :<\/p>\n\n\n\n<p>Vous pouvez me joindre par email \u00e0 <a href=\"mailto:delphine.gayet1974@gmail.com\">delphine.gayet1974@gmail.com<\/a> et uniquement par SMS au 06 82 41 20 46. <strong>Je ne d\u00e9croche jamais mon t\u00e9l\u00e9phone pendant les soins, merci de m&rsquo;adresser un SMS.<\/strong>&nbsp;<\/p>\n\n\n\n<p>Prendre RDV avec Delphine GAYET :<\/p>\n\n\n\n<figure class=\"wp-block-image size-full\"><a href=\"https:\/\/www.doctolib.fr\/sage-femme\/paris\/delphine-gayet\"><img loading=\"lazy\" decoding=\"async\" width=\"328\" height=\"153\" src=\"http:\/\/delphinegayet.fr\/wp-content\/uploads\/2024\/07\/doctolib.png\" alt=\"\" class=\"wp-image-111\" srcset=\"https:\/\/delphinegayet.fr\/wp-content\/uploads\/2024\/07\/doctolib.png 328w, https:\/\/delphinegayet.fr\/wp-content\/uploads\/2024\/07\/doctolib-300x140.png 300w\" sizes=\"auto, (max-width: 328px) 100vw, 328px\" \/><\/a><\/figure>\n\n\n\n<a href=\"https:\/\/www.doctolib.fr\/sage-femme\/paris\/delphine-gayet\" style=\"display:block;text-align:center;background-color:#0596DE;color:#FFFFFF;font-size:14px;overflow:hidden;width:257px;height:40px;border-bottom-right-radius:none;border-bottom-left-radius:none;position:fixed;bottom:0;right:5px;z-index:1000;border-top-left-radius:4px;border-top-right-radius:4pxline-height:40px;\" target=\"_blank\" rel=\"noopener\"><span style=\"font-size:13px;\">Prendre rendez-vous en ligne<\/span><img decoding=\"async\" style=\"height:15px;margin-bottom:3px;vertical-align:middle;width:auto\" src=\"https:\/\/www.doctolib.fr\/external_button\/doctolib-white-transparent.png\" alt=\"Doctolib\"\/><\/a>\n\n\n\n<p><\/p>\n","protected":false},"excerpt":{"rendered":"<p>Parcours : J&rsquo;ai \u00e9t\u00e9 dipl\u00f4m\u00e9e d\u2019Etat en 2000 \u00e0 l&rsquo;Ecole de Sage-Femme de Saint-Antoine.J&rsquo;ai ensuite exerc\u00e9 7&nbsp;ans en salle de naissance \u00e0 la&nbsp;Maternit\u00e9 des Lilas.Je me suis ensuite install\u00e9 en lib\u00e9ral depuis 2004 sur Paris. Formations compl\u00e9mentaires : \u2013 Allaitement (LecheLeague).\u2013 Alimentation sant\u00e9 de la femme enceinte (www.kousmine.fr).\u2013 Sophrologie et maternit\u00e9 (ADCO).\u2013 R\u00e9\u00e9ducation p\u00e9rin\u00e9ale&nbsp;C.M.P.\u2013 Massage [&hellip;]<\/p>\n","protected":false},"author":1,"featured_media":0,"parent":0,"menu_order":0,"comment_status":"closed","ping_status":"closed","template":"","meta":{"footnotes":""},"class_list":["post-20","page","type-page","status-publish","hentry"],"_links":{"self":[{"href":"https:\/\/delphinegayet.fr\/index.php?rest_route=\/wp\/v2\/pages\/20","targetHints":{"allow":["GET"]}}],"collection":[{"href":"https:\/\/delphinegayet.fr\/index.php?rest_route=\/wp\/v2\/pages"}],"about":[{"href":"https:\/\/delphinegayet.fr\/index.php?rest_route=\/wp\/v2\/types\/page"}],"author":[{"embeddable":true,"href":"https:\/\/delphinegayet.fr\/index.php?rest_route=\/wp\/v2\/users\/1"}],"replies":[{"embeddable":true,"href":"https:\/\/delphinegayet.fr\/index.php?rest_route=%2Fwp%2Fv2%2Fcomments&post=20"}],"version-history":[{"count":8,"href":"https:\/\/delphinegayet.fr\/index.php?rest_route=\/wp\/v2\/pages\/20\/revisions"}],"predecessor-version":[{"id":138,"href":"https:\/\/delphinegayet.fr\/index.php?rest_route=\/wp\/v2\/pages\/20\/revisions\/138"}],"wp:attachment":[{"href":"https:\/\/delphinegayet.fr\/index.php?rest_route=%2Fwp%2Fv2%2Fmedia&parent=20"}],"curies":[{"name":"wp","href":"https:\/\/api.w.org\/{rel}","templated":true}]}}