{"id":14,"date":"2024-07-29T19:43:40","date_gmt":"2024-07-29T17:43:40","guid":{"rendered":"http:\/\/delphinegayet.fr\/?page_id=14"},"modified":"2024-07-30T18:14:49","modified_gmt":"2024-07-30T16:14:49","slug":"le-post-natal","status":"publish","type":"page","link":"https:\/\/delphinegayet.fr\/?page_id=14","title":{"rendered":"Le post-natal"},"content":{"rendered":"\n<p><strong>Le suivi post-natal des 12 premiers jours.\u00a0<\/strong><\/p>\n\n\n\n<ol style=\"list-style-type:lower-alpha\" class=\"wp-block-list\"><\/ol>\n\n\n\n<p>Cette consultation pr\u00e9voit un examen complet du nouveau-n\u00e9 avec suivi de la courbe de poids ainsi qu&rsquo;un examen clinique de la maman. Nous prenons ensuite le temps ensemble d&rsquo;\u00e9voquer toutes les questions. La premi\u00e8re consultation a lieu quelques jours apr\u00e8s la sortie de la maternit\u00e9 donc autour de J5 j7.<\/p>\n\n\n\n<p>Une seconde consultation est pr\u00e9vue quelques jours plus tard entre J9 et J12. Lors de ces consultations on mettra aussi en lumi\u00e8re les difficult\u00e9s relatives \u00e0 la mise en place de l&rsquo;allaitement.<\/p>\n\n\n\n<p><strong>Entretien post natal<\/strong><\/p>\n\n\n\n<p>\u00c0 partir de la troisi\u00e8me semaine, il est pr\u00e9vu un entretien post-natal afin de d\u00e9pister et pr\u00e9venir les d\u00e9pressions du post-partum. \u00c9tape obligatoire du parcours de soin des femmes depuis le 1er juillet 2022. Il entre dans le cadre du programme \u201cles 1000 premiers jours\u201d lanc\u00e9 par l&rsquo;UNICEF et d\u00e9clin\u00e9 par le gouvernement fran\u00e7ais. Cet entretien est destin\u00e9 au rep\u00e9rage pr\u00e9coce des signes de mal-\u00eatre afin d&rsquo;accompagner les jeunes mamans et de les orienter au mieux.<\/p>\n\n\n\n<p><a href=\"https:\/\/www.unicef.fr\/convention-droits-enfants\/sante\/petite-enfance\">https:\/\/www.unicef.fr\/convention-droits-enfants\/sante\/petite-enfance<\/a><\/p>\n\n\n\n<p><a href=\"https:\/\/www.santepubliquefrance.fr\/la-sante-a-tout-age\/la-sante-a-tout-age\/les-1000-premiers-jours\">https:\/\/www.santepubliquefrance.fr\/la-sante-a-tout-age\/la-sante-a-tout-age\/les-1000-premiers-jours<\/a><\/p>\n\n\n\n<p><strong>Consultation allaitement<\/strong><\/p>\n\n\n\n<p>Tout au long de la p\u00e9riode de l&rsquo;allaitement depuis la mise en place jusqu&rsquo;au sevrage, la consultation d&rsquo;allaitement est possible. Si vous rencontrez des difficult\u00e9s en cas de sympt\u00f4mes (fi\u00e8vre, douleur, plaque rouge, crevasse) ou si vous souhaitez juste \u00eatre rassur\u00e9e quant \u00e0 l&rsquo;efficacit\u00e9 de la lactation, la consultation est justifi\u00e9e et permet de repartir sur des bases solides et confiantes dans sa lactation.<\/p>\n\n\n\n<p>Vous pourrez \u00e9galement b\u00e9n\u00e9ficier d&rsquo;un accompagnement pour un sevrage en douceur et l&rsquo;introduction progressive des solides.<\/p>\n\n\n\n<p><strong>Visite post natale<\/strong><\/p>\n\n\n\n<p>6 \u00e0 8 semaines apr\u00e8s votre accouchement, vous devez consulter afin de faire un examen clinique complet \u00e0 distance de la naissance. La sage-femme \u00e9voque alors avec vous la contraception et la prescrit. Elle fait le point sur les d\u00e9pistages et peut r\u00e9aliser le frottis si cela est n\u00e9cessaire.\u00a0 <\/p>\n\n\n\n<p><a href=\"https:\/\/www.e-cancer.fr\/Comprendre-prevenir-depister\/Se-faire-depister\/Depistage-du-cancer-du-col-de-l-uterus\">https:\/\/www.e-cancer.fr\/Comprendre-prevenir-depister\/Se-faire-depister\/Depistage-du-cancer-du-col-de-l-uterus<\/a><\/p>\n\n\n\n<p><strong>La r\u00e9\u00e9ducation du p\u00e9rin\u00e9e<\/strong><\/p>\n\n\n\n<p>Apr\u00e8s la visite poste natale, si la patiente en ressent le besoin, il est vous propos\u00e9 plusieurs s\u00e9ances de r\u00e9\u00e9ducation du p\u00e9rin\u00e9e afin de re-tonifier cette zone particuli\u00e8rement fragilis\u00e9e par la grossesse et l&rsquo;accouchement. Apr\u00e8s une premi\u00e8re s\u00e9ance d\u2019anamn\u00e8se m\u00e9dicale et d&rsquo;interrogatoire, la sage-femme cible les besoins pr\u00e9cis de la femme et d\u00e9termine le nombre de s\u00e9ances n\u00e9cessaires. La femme doit faire des exercices r\u00e9guli\u00e8rement \u00e0 la maison entre les s\u00e9ances et venir \u00e0 chaque s\u00e9ance afin de garantir une qualit\u00e9 de soins optimale.&nbsp;<\/p>\n\n\n\n<p>En raison du trop grand nombre de s\u00e9ances manqu\u00e9es, annul\u00e9es ou oubli\u00e9es sur la r\u00e9\u00e9ducation, tout rendez-vous non honor\u00e9 est d\u00fb quoi qu&rsquo;il arrive.&nbsp;<\/p>\n\n\n\n<p>La m\u00e9thode CMP \u201cConnaissance et ma\u00eetrise du p\u00e9rin\u00e9e\u201d utilis\u00e9e est manuelle&nbsp;:<\/p>\n\n\n\n<p><a href=\"https:\/\/www.institutnaissanceetformations.com\/fr\">https:\/\/www.institutnaissanceetformations.com\/fr<\/a><\/p>\n\n\n\n<p><\/p>\n","protected":false},"excerpt":{"rendered":"<p>Le suivi post-natal des 12 premiers jours.\u00a0 Cette consultation pr\u00e9voit un examen complet du nouveau-n\u00e9 avec suivi de la courbe de poids ainsi qu&rsquo;un examen clinique de la maman. Nous prenons ensuite le temps ensemble d&rsquo;\u00e9voquer toutes les questions. La premi\u00e8re consultation a lieu quelques jours apr\u00e8s la sortie de la maternit\u00e9 donc autour de [&hellip;]<\/p>\n","protected":false},"author":1,"featured_media":0,"parent":0,"menu_order":0,"comment_status":"closed","ping_status":"closed","template":"","meta":{"footnotes":""},"class_list":["post-14","page","type-page","status-publish","hentry"],"_links":{"self":[{"href":"https:\/\/delphinegayet.fr\/index.php?rest_route=\/wp\/v2\/pages\/14","targetHints":{"allow":["GET"]}}],"collection":[{"href":"https:\/\/delphinegayet.fr\/index.php?rest_route=\/wp\/v2\/pages"}],"about":[{"href":"https:\/\/delphinegayet.fr\/index.php?rest_route=\/wp\/v2\/types\/page"}],"author":[{"embeddable":true,"href":"https:\/\/delphinegayet.fr\/index.php?rest_route=\/wp\/v2\/users\/1"}],"replies":[{"embeddable":true,"href":"https:\/\/delphinegayet.fr\/index.php?rest_route=%2Fwp%2Fv2%2Fcomments&post=14"}],"version-history":[{"count":3,"href":"https:\/\/delphinegayet.fr\/index.php?rest_route=\/wp\/v2\/pages\/14\/revisions"}],"predecessor-version":[{"id":118,"href":"https:\/\/delphinegayet.fr\/index.php?rest_route=\/wp\/v2\/pages\/14\/revisions\/118"}],"wp:attachment":[{"href":"https:\/\/delphinegayet.fr\/index.php?rest_route=%2Fwp%2Fv2%2Fmedia&parent=14"}],"curies":[{"name":"wp","href":"https:\/\/api.w.org\/{rel}","templated":true}]}}