{"id":11,"date":"2024-07-29T19:15:16","date_gmt":"2024-07-29T17:15:16","guid":{"rendered":"http:\/\/delphinegayet.fr\/?page_id=11"},"modified":"2024-07-30T18:08:59","modified_gmt":"2024-07-30T16:08:59","slug":"la-grossesse","status":"publish","type":"page","link":"https:\/\/delphinegayet.fr\/?page_id=11","title":{"rendered":"La grossesse"},"content":{"rendered":"\n<figure class=\"wp-block-image size-full\"><img loading=\"lazy\" decoding=\"async\" width=\"1000\" height=\"288\" src=\"http:\/\/delphinegayet.fr\/wp-content\/uploads\/2024\/07\/bandeau-grossesse.jpg\" alt=\"\" class=\"wp-image-12\" srcset=\"https:\/\/delphinegayet.fr\/wp-content\/uploads\/2024\/07\/bandeau-grossesse.jpg 1000w, https:\/\/delphinegayet.fr\/wp-content\/uploads\/2024\/07\/bandeau-grossesse-300x86.jpg 300w, https:\/\/delphinegayet.fr\/wp-content\/uploads\/2024\/07\/bandeau-grossesse-768x221.jpg 768w\" sizes=\"auto, (max-width: 1000px) 100vw, 1000px\" \/><\/figure>\n\n\n\n<p><strong>Consultation suivi de grossesse<\/strong><\/p>\n\n\n\n<ol style=\"list-style-type:lower-alpha\" class=\"wp-block-list\"><\/ol>\n\n\n\n<p>Vous pouvez commencer le suivi d\u00e8s que vous apprenez que vous \u00eates enceinte. Je vous surveille r\u00e9guli\u00e8rement (une fois par mois). La consultation se d\u00e9roule en deux temps : <br>&#8211; interrogatoire avec prescription et lecture d&rsquo;examens, prescription de m\u00e9dicaments et ou de compl\u00e9ment alimentaire si besoin.<br>&#8211; examen clinique : surveillance de la tension, croissance ut\u00e9rine, bruit du c\u0153ur du b\u00e9b\u00e9, pes\u00e9e.<\/p>\n\n\n\n<p>Jusqu&rsquo;\u00e0 7 mois vous pouvez r\u00e9aliser ce suivi au cabinet ensuite vous \u00eates prise en charge par votre maternit\u00e9 de r\u00e9f\u00e9rence. En cas de pathologie, le suivi bascule en structure.<\/p>\n\n\n\n<p><strong>Entretien pr\u00e9natal pr\u00e9coce<\/strong><\/p>\n\n\n\n<p>\u00c0 partir du 4e mois de grossesse, vous pouvez b\u00e9n\u00e9ficier au cabinet d&rsquo;un temps d&rsquo;information et d&rsquo;orientation (individualis\u00e9) autour des diff\u00e9rentes th\u00e9matiques li\u00e9es \u00e0 la parentalit\u00e9. Nous aborderons \u00e9galement la pr\u00e9paration \u00e0 la naissance (vos besoins, vos envies, votre projet de naissance). Nous pourrons lors de cet entretien \u00e9tablir le programme des s\u00e9ances de pr\u00e9paration \u00e0 l&rsquo;accouchement.<\/p>\n\n\n\n<p><strong>Pr\u00e9paration classique<\/strong><\/p>\n\n\n\n<p>6 s\u00e9ances sont propos\u00e9es afin d&rsquo;aborder toutes les th\u00e9matiques lors d&rsquo;atelier en petit groupe.<\/p>\n\n\n\n<ul class=\"wp-block-list\">\n<li>S\u00e9ance 1 :&nbsp; la gestion des contractions et le d\u00e9part \u00e0 la maternit\u00e9&nbsp;<\/li>\n\n\n\n<li>S\u00e9ance 2 : la physiologie du travail&nbsp;<\/li>\n<\/ul>\n\n\n\n<p>P\u00e9ridurale,&nbsp;surveillance et proposition en milieu hospitalier, le projet de naissance&nbsp;<\/p>\n\n\n\n<ul class=\"wp-block-list\">\n<li>S\u00e9ance 3 la naissance&nbsp;<\/li>\n<\/ul>\n\n\n\n<p>Bassin et engagement,&nbsp;efforts expulsifs, naissance, d\u00e9livrance, le p\u00e9rin\u00e9e, l\u2019accueil de l&rsquo;enfant&nbsp;<\/p>\n\n\n\n<ul class=\"wp-block-list\">\n<li>S\u00e9ance 4 le post-partum&nbsp;<\/li>\n<\/ul>\n\n\n\n<p>Du premier cri aux relevailles (retour des r\u00e8gles), calendrier de la physiologie des premi\u00e8res semaines avec votre b\u00e9b\u00e9, agenda de l&rsquo;accompagnement propos\u00e9 en ville d\u00e8s la sortie, carnet de contacts, sp\u00e9cialistes de la petite enfance dans le quartier.<\/p>\n\n\n\n<ul class=\"wp-block-list\">\n<li>S\u00e9ance 5 et 6 allaitement anatomie physiologie du sein lactant physiologie de la lactation 3 recommandations primaires auto-\u00e9valuation de l&rsquo;allaitement&nbsp;<\/li>\n\n\n\n<li>Vid\u00e9o afin de mieux appr\u00e9hender la pratique la position du b\u00e9b\u00e9 correcte au sein et de reconna\u00eetre les signes de pathologies \u00e9ventuelles.\u00a0<\/li>\n<\/ul>\n\n\n\n<p><strong>Pr\u00e9paration sophrologique<\/strong><\/p>\n\n\n\n<p>La sophrologie est une technique de relaxation bas\u00e9e sur la visualisation d&rsquo;images mentales positives et la respiration sophronique.<\/p>\n\n\n\n<p>Elle permet d&rsquo;atteindre un \u00e9tat de conscience l\u00e9g\u00e8rement modifi\u00e9 proche de l&rsquo;endormissement. Cet \u00e9tat rend la patiente plus perm\u00e9able pour induire des outils et ainsi dynamiser la confiance, la s\u00e9r\u00e9nit\u00e9 mais aussi elle d\u00e9programme d&rsquo;\u00e9ventuelles peurs, angoisses ou r\u00e9sistances. La s\u00e9ance (individuelle) dure une heure.<\/p>\n","protected":false},"excerpt":{"rendered":"<p>Consultation suivi de grossesse Vous pouvez commencer le suivi d\u00e8s que vous apprenez que vous \u00eates enceinte. Je vous surveille r\u00e9guli\u00e8rement (une fois par mois). La consultation se d\u00e9roule en deux temps : &#8211; interrogatoire avec prescription et lecture d&rsquo;examens, prescription de m\u00e9dicaments et ou de compl\u00e9ment alimentaire si besoin.&#8211; examen clinique : surveillance de [&hellip;]<\/p>\n","protected":false},"author":1,"featured_media":0,"parent":0,"menu_order":0,"comment_status":"closed","ping_status":"closed","template":"","meta":{"footnotes":""},"class_list":["post-11","page","type-page","status-publish","hentry"],"_links":{"self":[{"href":"https:\/\/delphinegayet.fr\/index.php?rest_route=\/wp\/v2\/pages\/11","targetHints":{"allow":["GET"]}}],"collection":[{"href":"https:\/\/delphinegayet.fr\/index.php?rest_route=\/wp\/v2\/pages"}],"about":[{"href":"https:\/\/delphinegayet.fr\/index.php?rest_route=\/wp\/v2\/types\/page"}],"author":[{"embeddable":true,"href":"https:\/\/delphinegayet.fr\/index.php?rest_route=\/wp\/v2\/users\/1"}],"replies":[{"embeddable":true,"href":"https:\/\/delphinegayet.fr\/index.php?rest_route=%2Fwp%2Fv2%2Fcomments&post=11"}],"version-history":[{"count":3,"href":"https:\/\/delphinegayet.fr\/index.php?rest_route=\/wp\/v2\/pages\/11\/revisions"}],"predecessor-version":[{"id":114,"href":"https:\/\/delphinegayet.fr\/index.php?rest_route=\/wp\/v2\/pages\/11\/revisions\/114"}],"wp:attachment":[{"href":"https:\/\/delphinegayet.fr\/index.php?rest_route=%2Fwp%2Fv2%2Fmedia&parent=11"}],"curies":[{"name":"wp","href":"https:\/\/api.w.org\/{rel}","templated":true}]}}